{"id":3,"date":"2022-07-18T18:03:54","date_gmt":"2022-07-18T18:03:54","guid":{"rendered":"https:\/\/dev.bolsadeempregabilidade.pt\/?page_id=3"},"modified":"2025-07-22T16:46:32","modified_gmt":"2025-07-22T15:46:32","slug":"privacy-policy","status":"publish","type":"page","link":"https:\/\/bolsadeempregabilidade.pt\/en\/politica-privacidade\/","title":{"rendered":"Privacy Policy"},"content":{"rendered":"<div data-elementor-type=\"wp-page\" data-elementor-id=\"3\" class=\"elementor elementor-3\" data-elementor-post-type=\"page\">\n\t\t\t\t\t\t<section class=\"elementor-section elementor-top-section elementor-element elementor-element-2b4df072 elementor-section-boxed elementor-section-height-default elementor-section-height-default\" data-id=\"2b4df072\" data-element_type=\"section\" data-e-type=\"section\">\n\t\t\t\t\t\t<div class=\"elementor-container elementor-column-gap-default\">\n\t\t\t\t\t<div class=\"elementor-column elementor-col-100 elementor-top-column elementor-element elementor-element-49329b02\" data-id=\"49329b02\" data-element_type=\"column\" data-e-type=\"column\">\n\t\t\t<div class=\"elementor-widget-wrap elementor-element-populated\">\n\t\t\t\t\t\t<div class=\"elementor-element elementor-element-7295188 elementor-widget elementor-widget-heading\" data-id=\"7295188\" data-element_type=\"widget\" data-e-type=\"widget\" data-widget_type=\"heading.default\">\n\t\t\t\t<div class=\"elementor-widget-container\">\n\t\t\t\t\t<h1 class=\"elementor-heading-title elementor-size-default\">Privacy Policy<\/h1>\t\t\t\t<\/div>\n\t\t\t\t<\/div>\n\t\t\t\t<div class=\"elementor-element elementor-element-5c8dc8cd elementor-widget elementor-widget-text-editor\" data-id=\"5c8dc8cd\" data-element_type=\"widget\" data-e-type=\"widget\" data-widget_type=\"text-editor.default\">\n\t\t\t\t<div class=\"elementor-widget-container\">\n\t\t\t\t\t\t\t\t\t<p>Bolsa de Empregabilidade, a brand of Associa\u00e7\u00e3o F\u00f3rum Turismo, with registered offices at Campo Grande 35, 1700-087 Lisbon, Portugal, holder of corporate identification number 510 368 158, is committed to protecting the privacy of your personal data and, therefore, undertakes to process and guarantee the security of such data in accordance with the personal data protection legislation in force, namely the General Data Protection Regulation (GDPR). Bolsa de Empregabilidade is the entity responsible for the processing of this personal data, which is kept for the period necessary and appropriate for the purposes for which it is intended.<\/p><p>This Privacy Policy aims to inform you how Bolsa de Empregabilidade processes your data and your rights as data subject.<\/p><h5><b>Data Controller and Data Protection Officer<\/b><\/h5><p><span style=\"font-weight: 400;\">In accordance with the provisions of the GDPR, the Employability Exchange acts as the entity responsible for processing your data.<\/span><\/p><h5><b>Type of Personal Data, Purposes and Basis for Processing<\/b><\/h5><p>This policy covers Bolsa de Empregabilidade&#039;s online and offline data collection activities, including data collected through various channels, such as brand websites, agencies and events\/fairs in which Bolsa de Empregabilidade participates.<\/p><p><span style=\"font-weight: 400;\">Personal data is any information relating to a person that identifies or makes them identifiable, including sound and image. Examples of personal data that we collect: name, telephone number, email address. An identifiable person is one who can be identified directly or indirectly by reference to an identification number or other specific elements.<\/span><\/p><p><span style=\"font-weight: 400;\">The personal data provided will be used for the following purposes:<\/span><\/p><ul><li style=\"font-weight: 400;\" aria-level=\"1\"><span style=\"color: var( --e-global-color-text );\">Contact users before, during or after carrying out contracted services;<\/span><\/li><\/ul><ul><li style=\"font-weight: 400;\" aria-level=\"1\"><span style=\"color: var( --e-global-color-text );\">Register for available services;<\/span><\/li><\/ul><ul><li style=\"font-weight: 400;\" aria-level=\"1\"><span style=\"color: var( --e-global-color-text );\">Respond to messages, customer support and information requests;<\/span><\/li><\/ul><ul><li style=\"font-weight: 400;\" aria-level=\"1\"><span style=\"color: var( --e-global-color-text );\">Analyze and follow up on the application process for job opportunities;<\/span><\/li><\/ul><ul><li style=\"font-weight: 400;\" aria-level=\"1\"><span style=\"color: var( --e-global-color-text );\">Send newsletters or other requested and\/or interesting publications;<\/span><\/li><\/ul><ul><li style=\"font-weight: 400;\" aria-level=\"1\"><span style=\"color: var( --e-global-color-text );\">Manage operations and registrations;<\/span><\/li><\/ul><ul><li style=\"font-weight: 400;\" aria-level=\"1\"><span style=\"color: var( --e-global-color-text );\">Improve services and identify usage trends;<\/span><\/li><\/ul><ul><li style=\"font-weight: 400;\" aria-level=\"1\"><span style=\"color: var( --e-global-color-text );\">Prevent fraud;<\/span><\/li><\/ul><ul><li aria-level=\"1\"><span style=\"color: var( --e-global-color-text );\">Image and Video Capture.<\/span><\/li><\/ul><p><span style=\"font-weight: 400;\">By submitting your data, the user declares that he\/she is of legal age or that he\/she has obtained the express consent of his\/her legal guardian for this purpose. The Employability Exchange is not responsible for false statements made by users. In the event of identification of a minor without due consent, the data will be immediately deleted.<\/span><\/p><h5><b>Image and Video Capture<\/b><\/h5><p><span style=\"font-weight: 400;\">During events organized or supported by the Employability Exchange, images and videos that include participants may be captured. These captures will be used to:<\/span><\/p><ul><li style=\"font-weight: 400;\" aria-level=\"1\"><span style=\"font-family: Montserrat; font-weight: 400; color: var( --e-global-color-text );\">Marketing and brand communication purposes;<\/span><\/li><li style=\"font-weight: 400;\" aria-level=\"1\"><span style=\"font-family: Montserrat; font-weight: 400; color: var( --e-global-color-text );\">Promotion of future events and related initiatives.<\/span><\/li><\/ul><p><span style=\"font-weight: 400;\">Pre-registered participants will be informed about the possibility of capturing images and videos during the event. Appropriate signage will be placed on site to alert about the collection of images and video recordings.<\/span><span style=\"font-weight: 400;\">.<\/span><\/p><h5><b>Use of Data for Statistical Purposes<\/b><\/h5><p><span style=\"font-weight: 400;\">The information provided by candidates may be used in an anonymized form for statistical purposes. The results of these analyses may be made publicly available for the purposes of:<\/span><\/p><ul><li style=\"font-weight: 400;\" aria-level=\"1\">Monitor job market trends;<\/li><li style=\"font-weight: 400;\" aria-level=\"1\"><span style=\"font-weight: 400;\">Provide reports and studies on employability;<\/span><\/li><li style=\"font-weight: 400;\" aria-level=\"1\"><span style=\"font-weight: 400;\">Improve the Employability Exchange initiatives and programs.<\/span><\/li><li style=\"font-weight: 400;\" aria-level=\"1\"><span style=\"font-weight: 400;\">\u00a0<\/span><\/li><\/ul><h5><b>Data Subject Rights<\/b><\/h5><p><span style=\"font-weight: 400;\">Data subjects may exercise the following rights, within the legally established limits:<\/span><\/p><ul><li style=\"font-weight: 400;\" aria-level=\"1\"><b>Access to personal data<\/b><span style=\"font-weight: 400;\">: Submit a request to access your processed personal data.<\/span><\/li><li style=\"font-weight: 400;\" aria-level=\"1\"><b>Rectification of personal data<\/b><span style=\"font-weight: 400;\">: Request the correction of incomplete or incorrect data.<\/span><\/li><li style=\"font-weight: 400;\" aria-level=\"1\"><b>Right to be forgotten<\/b><span style=\"font-weight: 400;\">: Request the deletion of your personal data.<\/span><\/li><li style=\"font-weight: 400;\" aria-level=\"1\"><b>Portability of personal data<\/b><span style=\"font-weight: 400;\">: Request your personal data in a machine-readable format.<\/span><\/li><li style=\"font-weight: 400;\" aria-level=\"1\"><b>Opposition to data processing<\/b><span style=\"font-weight: 400;\">: Object to the processing of your data based on legitimate interests or for direct marketing.<\/span><\/li><li style=\"font-weight: 400;\" aria-level=\"1\"><b>Revocation of consent<\/b><span style=\"font-weight: 400;\">: Withdraw consent for data processing.<\/span><\/li><\/ul><p><span style=\"font-weight: 400;\">To exercise any of these rights, please contact us by email at geral@bolsadeempregabilidade.pt. We will respond within one month, taking into account the complexity of the request.<\/span><\/p><h5><b>Transfer of Personal Data<\/b><\/h5><p><span style=\"font-weight: 400;\">Within the scope of Jobbe Online Recruitment, data may be transferred to:<\/span><\/p><ul><li style=\"font-weight: 400;\" aria-level=\"1\"><span style=\"font-weight: 400;\">Companies registered with Jobbe that are looking for employees;<\/span><\/li><li style=\"font-weight: 400;\" aria-level=\"1\"><span style=\"font-weight: 400;\">Candidates looking for work, with authorization.<\/span><\/li><\/ul><p><span style=\"font-weight: 400;\">Service providers, such as marketing agencies and technology entities, may process data on behalf of the Employability Exchange, always ensuring compliance with data protection standards.<\/span><\/p><h5><b>International Data Transfers<\/b><\/h5><p><span style=\"font-weight: 400;\">Data may be transferred outside the European Union, provided that compliance with applicable community and national standards is ensured.<\/span><\/p><h5><b>Cookie Processing<\/b><\/h5><p><span style=\"font-weight: 400;\">Cookies are used to improve the browsing experience and do not include personal information. You can manage cookies through your browser settings.<\/span><\/p><h5><b>Event Entry<\/b><\/h5><p><span style=\"font-weight: 400;\">The Employability Exchange reserves the right to deny entry to events organized by the brand to anyone, if situations are identified that compromise the safety, the proper functioning of the event, or that are in violation of the terms and conditions previously established for participation. This decision may be made at any time, being duly communicated to the interested party, and does not confer the right to reimbursement or compensation, unless expressly stated otherwise. Entry to events may also be subject to identity verification and other criteria defined by the organization.<\/span><\/p><h5><b>Changes to the Privacy Policy<\/b><\/h5><p><span style=\"font-weight: 400;\">The Employability Exchange reserves the right to change this policy at any time. Please check our websites for updates regularly.<\/span><\/p><h5><b>Control Authority<\/b><\/h5><p>If you believe there is a problem with the way we process your data, you can file a complaint with the CNPD (www.cnpd.pt).<\/p><p><b>Last Update:<\/b> January 2025<\/p>\t\t\t\t\t\t\t\t<\/div>\n\t\t\t\t<\/div>\n\t\t\t\t\t<\/div>\n\t\t<\/div>\n\t\t\t\t\t<\/div>\n\t\t<\/section>\n\t\t\t\t<\/div>","protected":false},"excerpt":{"rendered":"<p>The Employability Exchange, a brand of the F\u00f3rum Turismo Association, with registered offices at Campo Grande 35, 1700-087 Lisbon, Portugal, holder of the corporate identification number 510 368\u2026<\/p>","protected":false},"author":1,"featured_media":0,"parent":0,"menu_order":0,"comment_status":"closed","ping_status":"open","template":"elementor_header_footer","meta":{"footnotes":""},"class_list":["post-3","page","type-page","status-publish","hentry"],"_links":{"self":[{"href":"https:\/\/bolsadeempregabilidade.pt\/en\/wp-json\/wp\/v2\/pages\/3","targetHints":{"allow":["GET"]}}],"collection":[{"href":"https:\/\/bolsadeempregabilidade.pt\/en\/wp-json\/wp\/v2\/pages"}],"about":[{"href":"https:\/\/bolsadeempregabilidade.pt\/en\/wp-json\/wp\/v2\/types\/page"}],"author":[{"embeddable":true,"href":"https:\/\/bolsadeempregabilidade.pt\/en\/wp-json\/wp\/v2\/users\/1"}],"replies":[{"embeddable":true,"href":"https:\/\/bolsadeempregabilidade.pt\/en\/wp-json\/wp\/v2\/comments?post=3"}],"version-history":[{"count":1,"href":"https:\/\/bolsadeempregabilidade.pt\/en\/wp-json\/wp\/v2\/pages\/3\/revisions"}],"predecessor-version":[{"id":73462,"href":"https:\/\/bolsadeempregabilidade.pt\/en\/wp-json\/wp\/v2\/pages\/3\/revisions\/73462"}],"wp:attachment":[{"href":"https:\/\/bolsadeempregabilidade.pt\/en\/wp-json\/wp\/v2\/media?parent=3"}],"curies":[{"name":"wp","href":"https:\/\/api.w.org\/{rel}","templated":true}]}}